{"id":142,"date":"2016-05-14T18:23:03","date_gmt":"2016-05-14T16:23:03","guid":{"rendered":"http:\/\/www.hemesath.band\/?page_id=142"},"modified":"2022-03-28T15:13:51","modified_gmt":"2022-03-28T13:13:51","slug":"band","status":"publish","type":"page","link":"https:\/\/www.hemesath.band\/?page_id=142","title":{"rendered":"Band"},"content":{"rendered":"<p><img loading=\"lazy\" class=\"aligncenter  wp-image-793\" src=\"https:\/\/www.hemesath.band\/wp-content\/uploads\/2022\/03\/Foto-520x347.jpg\" alt=\"\" width=\"449\" height=\"299\" srcset=\"https:\/\/www.hemesath.band\/wp-content\/uploads\/2022\/03\/Foto-520x347.jpg 520w, https:\/\/www.hemesath.band\/wp-content\/uploads\/2022\/03\/Foto-768x512.jpg 768w, https:\/\/www.hemesath.band\/wp-content\/uploads\/2022\/03\/Foto-680x453.jpg 680w\" sizes=\"(max-width: 449px) 100vw, 449px\" \/><\/p>\n<div class=\"page\" title=\"Page 3\">\n<div class=\"layoutArea\">\n<div class=\"column\">\n<h2><strong>HEMESATH<\/strong> \u2013 das ist harter deutscher Rock.<\/h2>\n<p>Formiert um den charismatischen S\u00e4nger und Schauspieler Christopher Zumb\u00fclt, spielen die f\u00fcnf Musiker harten Rock mit deutschen Texten.<\/p>\n<p>Zwei Gitarren und eine donnernde Rhythmus Sektion bilden das Fundament f\u00fcr den druckvollen Sound der Beckumer Band.<br \/>\nMelodi\u00f6se Passagen mit zweistimmigen Gitarrensoli sowie eing\u00e4ngige Refrains mit mehrstimmigem Gesang setzen Kontrapunkte und geben den Songs dynamische Weite.<\/p>\n<p>Texte und Gesang sind sinnreich und ausdrucksstark. Somit hat die Musik insgesamt eine hohe atmosph\u00e4rische Dichte.<\/p>\n<p>Bei Livekonzerten setzen HEMESATH Ihre Musik in ausdrucksstarker Performance um.<\/p>\n<p>Anfang 2013 nahm HEMESATH im Gernhart Studio, Troisdorf mit Produzent Victor Smolski und Toningenieur Martin Buchwalter ihre erste EP \u201eRot so rot\u201c auf.<\/p>\n<p>Das Jahr 2014 war von vielen Live-Auftritten quer durch die Republik gepr\u00e4gt.<br \/>\nEnde 2014 unterschrieben die 5 Musiker von Hemesath einen Plattenvertrag bei Bob Media.<\/p>\n<p>Nach dem Motto \u201enever change a winning team\u201c hat HEMESATH im Mai 2015 ein komplettes Album, ebenfalls wieder im Gernhart Studio aufgenommen.\u00a0Seit September 2015 promoten Hemesath Ihre neue CD \u201eF\u00fcr Euch\u201c auf Ihrer Release-Tour, die sie quer durch die Republik und nach \u00d6sterreich f\u00fchrt. Unter anderem spielen sie als Support von Ost Front.<\/p>\n<p><strong>Christopher Zumb\u00fclt.<\/strong>\u00a0Vom Filmset und den Shakespeare-B\u00fchnen dieses Landes direkt zu Hemesath. Der S\u00e4nger und Schauspieler (u.a. Tatort, Alarm f\u00fcr Cobra 11) verleiht der Band durch charismatische Live-Auftritte, seinen herausragenden Texten und seiner eindringliche Stimme ein Alleinstellungsmerkmal im Genre.<\/p>\n<p><strong>Andre Rasfeld.<\/strong>\u00a0Ehemals Gitarrist der Band \u201eGB Arts\u201c, bekannt durch Tourneen u.a. mit Jack Panzer, Rage und Silent Force, gl\u00e4nzt mit immenser Live-Erfahrung. Er besorgt es seinem Publikum mit messerscharfen Riffs und seinem unnachahmlichen Spa\u00df am Performen.<\/p>\n<p><strong>Viktor Wagner.<\/strong> Unterrichtet Gitarre an der Musikschule in Wiedenbr\u00fcck. Nach dem Weggang von Wolfgang Broschk bereichert er die Band seit August 2019 mit seinem virtuosen und druckvollem Spiel.<\/p>\n<p>Die Rhytmussektion wird \u201eangef\u00fchrt\u201c durch Drummer\u00a0<strong>Frank Schoppengerd<\/strong>, der wie Bassmann\u00a0<strong>Peter Bernhardt<\/strong> bereits regional in verschiedenen Bands gespielt hat. Die Beiden haben sich seit vielen Jahren dem Rock\u00b4n Roll verschrieben.<\/p>\n<h2 style=\"text-align: left;\">HEMESATH sind &#8230;<\/h2>\n<\/div>\n<\/div>\n<\/div>\n<table>\n<tbody>\n<tr>\n<td style=\"text-align: center;\"><img loading=\"lazy\" class=\"wp-image-403 size-medium aligncenter\" src=\"https:\/\/www.hemesath.band\/wp-content\/uploads\/2017\/12\/23031384_1961589874123160_6857882977024636466_n-520x347.jpg\" width=\"300\" height=\"200\" srcset=\"https:\/\/www.hemesath.band\/wp-content\/uploads\/2017\/12\/23031384_1961589874123160_6857882977024636466_n-520x347.jpg 520w, https:\/\/www.hemesath.band\/wp-content\/uploads\/2017\/12\/23031384_1961589874123160_6857882977024636466_n-768x512.jpg 768w, https:\/\/www.hemesath.band\/wp-content\/uploads\/2017\/12\/23031384_1961589874123160_6857882977024636466_n-680x453.jpg 680w, https:\/\/www.hemesath.band\/wp-content\/uploads\/2017\/12\/23031384_1961589874123160_6857882977024636466_n.jpg 960w\" sizes=\"(max-width: 300px) 100vw, 300px\" \/><\/td>\n<td style=\"vertical-align: middle; text-align: center;\">Chris<br \/>\n<strong>GESANG<\/strong><\/td>\n<\/tr>\n<tr>\n<td style=\"vertical-align: middle; text-align: center;\">Andr\u00e9<br \/>\n<strong>GITARRE<\/strong><\/td>\n<td style=\"text-align: center;\"><img loading=\"lazy\" class=\"wp-image-394 size-medium aligncenter\" src=\"https:\/\/www.hemesath.band\/wp-content\/uploads\/2017\/12\/21248471_1948230955451640_3482877896534812217_o-520x347.jpg\" width=\"300\" height=\"200\" srcset=\"https:\/\/www.hemesath.band\/wp-content\/uploads\/2017\/12\/21248471_1948230955451640_3482877896534812217_o-520x347.jpg 520w, https:\/\/www.hemesath.band\/wp-content\/uploads\/2017\/12\/21248471_1948230955451640_3482877896534812217_o-768x512.jpg 768w, https:\/\/www.hemesath.band\/wp-content\/uploads\/2017\/12\/21248471_1948230955451640_3482877896534812217_o-680x454.jpg 680w, https:\/\/www.hemesath.band\/wp-content\/uploads\/2017\/12\/21248471_1948230955451640_3482877896534812217_o.jpg 1024w\" sizes=\"(max-width: 300px) 100vw, 300px\" \/><\/td>\n<\/tr>\n<tr>\n<td style=\"text-align: center;\"><img loading=\"lazy\" class=\"aligncenter size-medium wp-image-750\" src=\"https:\/\/www.hemesath.band\/wp-content\/uploads\/2019\/11\/73537288_2421893714759438_8110831488347406336_o-520x779.jpg\" alt=\"\" width=\"200\" height=\"300\" srcset=\"https:\/\/www.hemesath.band\/wp-content\/uploads\/2019\/11\/73537288_2421893714759438_8110831488347406336_o-520x779.jpg 520w, https:\/\/www.hemesath.band\/wp-content\/uploads\/2019\/11\/73537288_2421893714759438_8110831488347406336_o.jpg 640w\" sizes=\"(max-width: 200px) 100vw, 200px\" \/><\/td>\n<td style=\"vertical-align: middle; text-align: center;\">Viktor<br \/>\n<strong>GITARRE<\/strong><\/td>\n<\/tr>\n<tr>\n<td style=\"vertical-align: middle; text-align: center;\">Pedda<br \/>\n<strong>BASS<\/strong><\/td>\n<td style=\"text-align: center;\"><img loading=\"lazy\" class=\"wp-image-410 aligncenter\" src=\"https:\/\/www.hemesath.band\/wp-content\/uploads\/2017\/12\/23380182_1645466065520379_6786657641478482988_n.jpg\" width=\"200\" height=\"300\" \/><\/td>\n<\/tr>\n<tr>\n<td style=\"text-align: center;\"><img loading=\"lazy\" class=\"wp-image-409 size-medium aligncenter\" src=\"https:\/\/www.hemesath.band\/wp-content\/uploads\/2017\/12\/23319440_1961590160789798_4685161029390317482_n-520x347.jpg\" width=\"300\" height=\"200\" srcset=\"https:\/\/www.hemesath.band\/wp-content\/uploads\/2017\/12\/23319440_1961590160789798_4685161029390317482_n-520x347.jpg 520w, https:\/\/www.hemesath.band\/wp-content\/uploads\/2017\/12\/23319440_1961590160789798_4685161029390317482_n-768x512.jpg 768w, https:\/\/www.hemesath.band\/wp-content\/uploads\/2017\/12\/23319440_1961590160789798_4685161029390317482_n-680x453.jpg 680w, https:\/\/www.hemesath.band\/wp-content\/uploads\/2017\/12\/23319440_1961590160789798_4685161029390317482_n.jpg 960w\" sizes=\"(max-width: 300px) 100vw, 300px\" \/><\/td>\n<td style=\"vertical-align: middle; text-align: center;\">Schoppa<br \/>\n<strong>SCHLAGZEUG<\/strong><\/td>\n<\/tr>\n<\/tbody>\n<\/table>\n<h2><\/h2>\n<div class=\"page\" title=\"Page 4\"><\/div>\n","protected":false},"excerpt":{"rendered":"<p>HEMESATH \u2013 das ist harter deutscher Rock. Formiert um den charismatischen S\u00e4nger und Schauspieler Christopher Zumb\u00fclt, spielen die f\u00fcnf Musiker harten Rock mit deutschen Texten. Zwei Gitarren und eine donnernde&#8230;<\/p>\n","protected":false},"author":1,"featured_media":0,"parent":0,"menu_order":0,"comment_status":"closed","ping_status":"closed","template":"template-fullwidth.php","meta":[],"_links":{"self":[{"href":"https:\/\/www.hemesath.band\/index.php?rest_route=\/wp\/v2\/pages\/142"}],"collection":[{"href":"https:\/\/www.hemesath.band\/index.php?rest_route=\/wp\/v2\/pages"}],"about":[{"href":"https:\/\/www.hemesath.band\/index.php?rest_route=\/wp\/v2\/types\/page"}],"author":[{"embeddable":true,"href":"https:\/\/www.hemesath.band\/index.php?rest_route=\/wp\/v2\/users\/1"}],"replies":[{"embeddable":true,"href":"https:\/\/www.hemesath.band\/index.php?rest_route=%2Fwp%2Fv2%2Fcomments&post=142"}],"version-history":[{"count":26,"href":"https:\/\/www.hemesath.band\/index.php?rest_route=\/wp\/v2\/pages\/142\/revisions"}],"predecessor-version":[{"id":799,"href":"https:\/\/www.hemesath.band\/index.php?rest_route=\/wp\/v2\/pages\/142\/revisions\/799"}],"wp:attachment":[{"href":"https:\/\/www.hemesath.band\/index.php?rest_route=%2Fwp%2Fv2%2Fmedia&parent=142"}],"curies":[{"name":"wp","href":"https:\/\/api.w.org\/{rel}","templated":true}]}}