{"id":234,"date":"2016-06-13T19:25:55","date_gmt":"2016-06-13T17:25:55","guid":{"rendered":"http:\/\/www.hemesath.band\/?page_id=234"},"modified":"2019-03-18T13:36:34","modified_gmt":"2019-03-18T12:36:34","slug":"reviews","status":"publish","type":"page","link":"https:\/\/www.hemesath.band\/?page_id=234","title":{"rendered":"Reviews"},"content":{"rendered":"<p><strong>Konzertreview, Kabelmetal Windeck, M\u00e4rz 2019<br \/>\n<\/strong><\/p>\n<p>Hier findet ihr einen Bericht zum Konzert in Windeck:<\/p>\n<p><a href=\"https:\/\/www.karso-unterwegs.eu\/heldmaschine-im-fadenkreuz-tour-kulturhalle-kabelmetal-windeck-schladern\/?fbclid=IwAR0Hrgh1NgwOiC5srUhhN1tfwQF0Wdsh5VxMqR9hSkX4v0oIZfDrBY1dNME\">https:\/\/www.karso-unterwegs.eu\/heldmaschine-im-fadenkreuz-tour-kulturhalle-kabelmetal-windeck-schladern\/?fbclid=IwAR0Hrgh1NgwOiC5srUhhN1tfwQF0Wdsh5VxMqR9hSkX4v0oIZfDrBY1dNME<\/a><\/p>\n<p><strong>Orkus Magazin, November 2015<\/strong><\/p>\n<p style=\"text-align: left;\">Nachdem Hemesath mit Rot so rot eine erste Duftmarke gesetzt haben, liefern die Herren aus NRW nun ihr Albumdeb\u00fct ab.<br \/>\nDie auf jener EP allgegenw\u00e4rtigen gro\u00dfen Vorbilder Rammstein sind deutlich in den Hintergrund getreten; Hemesath versuchen einen eigenen Weg zwischen Metal, Gothic und deutschsprachigem Rock zu finden.<br \/>\nDas gelingt \u00fcber weite Strecken ganz ordentlich, auch wenn vereinzelt noch die Berliner Superstars durchscheinen (Wenn Liebe nicht mehr Liebe ist, Vater, Lauf).<br \/>\nIn Kombination mit den ungew\u00f6hnlichen Texten, die oft scheinbar Gegens\u00e4tzliches verbinden, bietet F\u00fcr Euch eine Fundgrube f\u00fcr Anh\u00e4nger der Neuen Deutschen H\u00e4rte, die sich von Formulierungen auch gerne mal \u00fcberraschen lassen.<br \/>\nHannibal ist als Anspieltipp daf\u00fcr geradezu pr\u00e4destiniert.<br \/>\n(Marc Halupczok)<\/p>\n<p><strong>Sonic Seducer, November 2015<\/strong><\/p>\n<p>Wer beim fl\u00fcchtigen Vernehmen des Deb\u00fctalbums von Hemesath eine allzu offensichtliche NDH-Trittbrett-fahrerei diagnostiziert, hat entweder den Volumen-regler auf Beichtstuhllautst\u00e4rke eingestellt oder sollte sich beim Ohrenarzt mal geh\u00f6rig die Lauscher ausfegen lassen.<br \/>\nAllein der kraftstrotzend akzentuierte Gitarrensound vermittelt\u00a0 \u2013 vom Paradeopener \u201eErl\u00f6sung\u201c an \u2013 ein direktes Zupacken, wo k\u00fcnstlich \u00fcberz\u00fcchtete Hartt\u00f6ner neudeutscher Art oftmals ins Leere greifen. Denn von nichts kommt eher wenig. Darum setzen hier gestandene Musiker auf eine ausgesprochen kernige Produktion (Martin Buchwalter, Perzonal War) sowie auf die besten Zutaten aus nahezu s\u00e4mtlichen Spielarten der Stromgitarrendominanz. Ob das Ganze nun eher in die metallische, klassisch rockige oder in die NDH \u2013 Richtung ausschl\u00e4gt, ist im Einzelfall zu entscheiden. Einen \u00e4hnlichen Ansatz haben zuletzt Lichtgestalt verfolgt, doch verf\u00fcgen Hemesath \u00fcber das weitaus sch\u00e4rfere Songmaterial, auch wenn sich kein absoluter \u00dcberhit als Anspieltipp aufdr\u00e4ngt. Dass energische Rei\u00dfer wie \u201eDurch das Feuer\u201c oder \u201eKrieger\u201c ebenso ziehen wie die auch thematisch anr\u00fchrende Halbballade \u201eLiese\u201c oder das schleppende \u201eMein Spiel\u201c spricht f\u00fcr das durchg\u00e4ngig eingehaltene Qualit\u00e4tsniveau. Von und \u201eF\u00fcr Euch\u201c.<br \/>\n(Stephan Wolf)<\/p>\n<p><strong>CD-Review &#8222;F\u00fcr EUCH&#8220; aus dem Tombstone Webzine<\/strong><\/p>\n<p>\u201eWenn man sich in der heutigen Zeit noch an das inzwischen stark ausgelutschte Genre [NDH] herantraut muss es schon etwas mehr sein, als der monotone Riff-Einheits-Brei. Genau das versteht die Band indem sie Elemente des klassischen Rocks mit breit gef\u00e4cherten Gesangs-Variablen dem eigenen Soundbild hinzuf\u00fcgt. Bereits ihre erste EP \u201eRot, So Rot\u201c (2013) lie\u00df vielversprechendes erklingen. \u2026 Mit ihrem Deb\u00fctalbum \u201eF\u00fcr Euch\u201c ist Hemesath ein wahrer H\u00f6rgenuss gelungen. Die 11 Songs \u00fcberzeugen in Komposition, Instrumentierung, H\u00e4rte und vor allem Variation. Selbst wenn die Lieder nicht die allerschnellsten sein m\u00f6gen, wissen sie doch zu fesseln und eine gelungene Atmosph\u00e4re aufzubauen, die bis zum Schluss erhalten bleibt. Es gibt sie noch \u2013 die kreativen K\u00f6pfe der NDH-Szene! Kaufempfehlung!\u201c<\/p>\n<p><strong>Deep Ground<\/strong><\/p>\n<p>\u201ePositiv \u00fcberzeugt auf jeden Fall, dass sich weder an strikte Reimschema gehalten wird, die oftmals eher gewollt als gekonnt umgesetzt werden, noch Themen auf die immer gleiche Weise abgehandelt werden, sodass Hemesath diesbez\u00fcglich in der Tat eine gewisse \u201eFrische\u201c bescheinigt werden kann. Auch musikalisch verf\u00e4llt man nicht dem Trott aus reinem harten Gesinge und Gedresche, das man auch nach ausgiebigem Alkoholkonsum noch fehlerfrei mitgr\u00f6len und -schunkeln kann. Vielmehr sind Hemesath um Abwechslung und Vielschichtigkeit bem\u00fcht, ohne ihre stilistisch gesteckte Grenze komplett zu \u00fcberschreiten. Hemesath servieren mit ihrem Album \u201eF\u00fcr Euch\u201c also eher ein Mehr-G\u00e4nge-Men\u00fc statt Fast Food Kost.\u201c<\/p>\n<p><strong>My Revelations<\/strong><\/p>\n<p>\u201e\u2026Im Gegensatz zu vielen sogenannten Gimmickbands sehen die \u00dc-40 Rocker ganz normal aus und rocken auf ihrem ersten vollst\u00e4ndigen und sehr d\u00fcster bebilderten Werk &#8222;F\u00fcr Euch&#8220; recht basisch und nahezu frei von elektronischen Spielereien wie dicke Beats oder bombastische Keyboardteppiche. Das hebt die Band, die mich irgendwie deshalb an die Genrepioniere Richthofen erinnert, von der heutigen Masse ab und erinnert mich ebenfalls leicht von der Art des Gesangs an die &#8222;gerne&#8220; \u00fcber Krieg singenden (aber musikalisch heftigeren) Macbeth aus dem Osten. Von den Titeln wie &#8222;Vater&#8220;, &#8222;Mein Spiel&#8220; oder Durch das Feuer&#8220; her bedient man sicherlich die Genreklischees, ist aber weniger (bewusst) provokant wie andere Bands, aber das ist ja nur meine Wahrnehmung. Ein absoluter Hit ist die Vertonung des Buches oder Filmes &#8222;Hannibal&#8220; welches die Vorgeschichte des Kannibalendoktors erz\u00e4hlt. Die Grundgeschwindigkeit der Lieder ist eher im Mittelfeld mit leichten Doom-Tendenzen. Midtempowalzen wie das rhythmische &#8222;Lauf&#8220; lockern die Sache dann etwas auf.<br \/>\nFazit: ganz gutes Deb\u00fct!\u201c<\/p>\n<div class=\"page\" title=\"Page 4\">\n<div class=\"layoutArea\">\n<div class=\"column\">\n<p><strong>Rock Hard<\/strong><br \/>\n\u201e&#8230; die Gitarren, die eher aus der Achtziger-Schule zu stammen scheinen, gl\u00e4nzen teils mit hochmelodischen Solopassagen (,Spinne\u2019)\u201c<\/p>\n<p><strong>Legacy<\/strong><br \/>\n\u201eEs ist immer wieder erfrischend zu sehen, dass es auch auf vermeintlich ausgetretenen Pfaden Bands gibt, die durch Genre-Vermischungen das Schubladendenken aufbrechen. Eine \u00dcberraschung wie aus dem Nichts, die Jungs muss man im Auge behalten.\u201c<\/p>\n<p><strong>Sonic Seducer<\/strong><br \/>\n\u201eNeue M\u00fcnsterl\u00e4nder H\u00e4rte nennt das Quintett\u00a0pfiffig sein Klanggebilde aus wuchtigen Gitarren- Riffs, dickem Bass\/Drum-Fundament und martialischen Ges\u00e4ngen. Elements aus traditionellem Metal werden gekonnt hinzugef\u00fcgt.\u201c<\/p>\n<p><strong>Dark Spy<\/strong><br \/>\n\u201eIch bin beeindruckt. Den Namen HEMESATH sollte man sich auf jeden Fall merken und beobachten wie es musikalisch weitergeht.\u201c<\/p>\n<p><strong>Rock It!<\/strong><br \/>\n\u201eDa w\u00e4chst was Interessantes heran: Eine Truppe, die man im Auge \u2013 und den Ohren \u2013 behalten sollte&#8230;\u201c (Andreas Sch\u00f6we)<\/p>\n<p><strong>Rock City<\/strong><br \/>\n\u201eHEMESATH sind f\u00fcr RAMMSTEIN das, was AIRBOURNE f\u00fcr AC\/DC sind &#8211; die legitime Frischzellenkur f\u00fcr die entsprechende Fanschar!\u201c<\/p>\n<p><strong>rocktimes.de<\/strong><br \/>\n\u201eDie rotzenden Gitarren, der brutale, harte Bass und die donnernden Drums in Verbindung mit der teuflischen Stimme und den geilen Licks der dritten Gitarre sind vom Allerfeinsten. So schmeckt die H\u00f6lle&#8230;\u201c<\/p>\n<p><strong>Metal.tm<\/strong><br \/>\n\u201eWow, mit ihrer EP &#8222;Rot, so rot&#8220; tauchen HEMESATH quasi aus dem Nix auf und \u00fcberzeugen auf ganzer Linie. Der Sound stimmt, die instrumentale Arbeit ist \u00fcberragend und der Gesang gro\u00dfartig. Dabei pr\u00e4sentieren die M\u00fcnsterl\u00e4nder sich gekonnt vielseitig und vielschichtig. Diese Band hat definitiv das Potenzial zu einem neuen Sternchen am NDH-Himmel aufzusteigen! Ausdr\u00fcckliche Empfehlung f\u00fcr alle Fans der harten D\u00fcsterkl\u00e4nge.\u201c<\/p>\n<div class=\"page\" title=\"Page 5\">\n<div class=\"layoutArea\">\n<div class=\"column\">\n<p><strong>ffm-rock.de<\/strong><br \/>\n\u201eFans von Deutschrock sollten die Band auf jeden Fall antesten.\u201c<\/p>\n<p><strong>bleeding4metal.de<\/strong><br \/>\n\u201eNach der NDH kommt die NMH &#8211; die Neue M\u00fcnsterl\u00e4nder H\u00e4rte. Gl\u00fccklicherweise schielen HEMESATH nur ganz selten Richtung Rammstein, sondern reizen von Alternative bis Deathbratpfannen-Riffs eine gr\u00f6\u00dfere Spanne aus, die sie mit gothic-inspirierten Vocals unterlegen.\u201c<\/p>\n<p><strong>myrevelations.de<\/strong><br \/>\n\u201eHEMESATH liefern mit &#8222;Rot, so rot&#8220; eine beachtliche Erstleistung ab, die nicht stumpf die im ersten Satz erw\u00e4hnten Szenegr\u00f6\u00dfen plump kopiert! Durch eine drei (!) Mann starke Gitarrenwand und dreckige Rockvibes klingen HEMESATH leicht anders und das ist gut so.\u201c<\/p>\n<p><strong>musikanisch.de<\/strong><br \/>\n\u201eHEMESATH packen ihre H\u00f6rer mit mitrei\u00dfenden Riffs, bleiben dabei in alter Regel sch\u00f6n metallisch hart. Die Stimme kommt mit guter Aggressivit\u00e4t r\u00fcber, \u00fcberschreit sich nie. Ganz gro\u00dfes Kino.\u201c<\/p>\n<p><strong>Rock Garage<\/strong><br \/>\n\u201eMusikalisch setzen sich HEMESATH immer wieder von festgefahrenen Pfaden der Neuen Deutschen H\u00e4rte ab. Das ist der gr\u00f6\u00dfte Pluspunkt der M\u00fcnsterl\u00e4nder neben der pr\u00e4genden Gitarrenarbeit von gleich drei Axtschwingern mit genreuntypischen Soli.\u201c<\/p>\n<p><strong>Medicine Mag<\/strong><br \/>\n\u201eHEMESATH k\u00f6nnten auf genre-\u00fcbergreifenden D\u00fcster-Parties sowohl f\u00fcr Neue Deutsche H\u00e4rte- Heads, als auch f\u00fcr Pyrotechnikeranh\u00e4nger spannend werden.\u201c<\/p>\n<p><strong>metalglory.de<\/strong><br \/>\n\u201eHEMESATH bieten auf den gut 25 Minuten der EP harten, aber gleichzeitig enorm melodi\u00f6sen Rock, der zudem auch so manches Mal die Grenze zum Metal beinahe \u00fcberschritten hat.\u201c<\/p>\n<p><strong>stahlseele.de<\/strong><br \/>\n\u201eF\u00fcr jeden Hardrocker ist diese CD ein absolutes Muss! Geh\u00f6rt zuhause in jeden Schrank! Respekt Jungs, weiter so!\u201c<\/p>\n<div class=\"page\" title=\"Page 6\">\n<div class=\"layoutArea\">\n<div class=\"column\">\n<p><strong>Tombstone Rezension Hemesath, Auftritt vom 10.04.2015, Kulttempel Oberhausen<\/strong><br \/>\nIm Folgenden standen die M\u00fcnsteraner Hard Rocker von Hemesath auf der B\u00fchne. Nach ihren Vorg\u00e4ngern trieben die Mannen mal eben den Altersdurchschnitt auf der B\u00fchne um drei\u00dfig Jahre nach oben \u2013 das tr\u00fcgte aber rein gar nichts an der Show, denn trotz der Tatsache, dass es die Band noch gar nicht so lange gibt und man sich hier auf seine alten Tage noch lange nicht ausruhen will, lieferten die f\u00fcnf Herren eine solide und herzblutgeladene Performance ab. Stilistisch wesentlich n\u00e4her am Hauptact des Abends, mischen Hemesath (by the way nach ihrem Dorfmetzger benannt, dessen Hausname eben so lautet, wie ulkig) ordentliche und schn\u00f6rkellose Rock-Musik mit NDH-\u00c4sthetik in Wort und Klang. Bei n\u00e4herer Analyse der Liedtexte schaut der eine oder andere vielleicht auch wieder ern\u00fcchtert auf seine F\u00fc\u00dfe, was aber hier im Kulttempel wesentlich weniger negativ auffiel. Mit Textfraktalen wie \u201eDu wei\u00dft nicht, wer ich bin \u2013 es zieht mich zu dir hin\u201c oder \u201eUnd wenn die H\u00fcllen fallen, dann werden wir uns verknallen\u201c reihen sich diverse Einfachheiten in den Songs perlenschnurgleich aneinander und man fragt sich auch manchmal, welcher Halunke da zum Textschreiber ernannt wurde. Was allerdings viel angenehmer auffiel, das war der Spa\u00df der Musiker, die Hingabe zu ihrem eigenen Schaffen und die knallig-mitrei\u00dfende Ader eines jeden St\u00fccks, das Hemesath zum Besten gaben. Kurze, knackige Ansagen untermalten das Spiel dabei ohne auch nur eine L\u00e4nge. Einen Lichtblick und gleichsam einen starken Song markierte das USA-kritische \u201eFeuer frei\u201c (nein, kein Rammstein-Cover, was Christopher Zumb\u00fclt am Mikro direkt betonen musste, als ein paar Jungs im Publikum beim Songtitel v\u00f6llig aus dem H\u00e4uschen gerieten) \u2013 \u201evom halben Mond verletzt, das Volk wird auf den Feind gehetzt\u201c kommt da weitaus intellektueller und metaphorischer daher. Der Auftritt der Altherren-Kombo wirkte wie Pflaster und Balsam nach der ersten Support-Band und krankte eigentlich nur noch an der Tatsache, dass das Publikum ob der voranschreitenden Zeit immer ungeduldiger auf den eigentlichen Hauptact zu harren hatte, weswegen man die ausliegende Setlist auch gleich um einen Song k\u00fcrzer kastrierte. Schade eigentlich.<\/p>\n<div class=\"page\" title=\"Page 7\">\n<div class=\"layoutArea\">\n<div class=\"column\">\n<p><strong>OST+FRONT, LAST SATANIC DIVINE &amp; HEMESATH &#8211; OBERHAUSEN, KULTTEMPEL (10.04.2015)<br \/>\n<\/strong>Geschrieben von: Christian Reipen<\/p>\n<p>Im Rahmen ihrer Olympia Tour 2015 und mit der aktuellen EP Freundschaft im Gep\u00e4ck touren Ost+Front quer durch die Bundesrepublik und machten wie bereits im vergangenen Jahr auch wieder in Oberhausen halt. 2014 waren die NDH Rocker allerdings noch alleine unterwegs, beim Auftritt im ehrw\u00fcrdigen Kulttempel hatten die Berliner eine Vorbands mit dabei. Hemesath kommen aus dem M\u00fcnsterland, die Herren sind zwar nicht mehr die J\u00fcngsten, zeigen dem Oberhausener Publikum aber schnell wo der Hammer h\u00e4ngt. Die enorme Spielfreude, gepaart mit sattem, sauberem Sound sorgt daf\u00fcr, dass sich die Reihen vor der B\u00fchne schnell wieder f\u00fcllen. Bei jedem Song geben die f\u00fcnf Deutschrocker alles, wobei vor allem S\u00e4nger Christopher immer wieder der Menge ordentlich einheizt. Wie man sieht, kann man auch einen geilen Auftritt ohne besondere B\u00fchnenshow hinlegen \u2013 ein durchaus gelungenes Warm-Up f\u00fcr den nun folgenden Headliner des Abends.<\/p>\n<\/div>\n<\/div>\n<\/div>\n<\/div>\n<\/div>\n<\/div>\n<\/div>\n<\/div>\n<\/div>\n<\/div>\n<\/div>\n<\/div>\n","protected":false},"excerpt":{"rendered":"<p>Konzertreview, Kabelmetal Windeck, M\u00e4rz 2019 Hier findet ihr einen Bericht zum Konzert in Windeck: https:\/\/www.karso-unterwegs.eu\/heldmaschine-im-fadenkreuz-tour-kulturhalle-kabelmetal-windeck-schladern\/?fbclid=IwAR0Hrgh1NgwOiC5srUhhN1tfwQF0Wdsh5VxMqR9hSkX4v0oIZfDrBY1dNME Orkus Magazin, November 2015 Nachdem Hemesath mit Rot so rot eine erste Duftmarke gesetzt haben,&#8230;<\/p>\n","protected":false},"author":1,"featured_media":0,"parent":0,"menu_order":0,"comment_status":"closed","ping_status":"closed","template":"","meta":[],"_links":{"self":[{"href":"https:\/\/www.hemesath.band\/index.php?rest_route=\/wp\/v2\/pages\/234"}],"collection":[{"href":"https:\/\/www.hemesath.band\/index.php?rest_route=\/wp\/v2\/pages"}],"about":[{"href":"https:\/\/www.hemesath.band\/index.php?rest_route=\/wp\/v2\/types\/page"}],"author":[{"embeddable":true,"href":"https:\/\/www.hemesath.band\/index.php?rest_route=\/wp\/v2\/users\/1"}],"replies":[{"embeddable":true,"href":"https:\/\/www.hemesath.band\/index.php?rest_route=%2Fwp%2Fv2%2Fcomments&post=234"}],"version-history":[{"count":7,"href":"https:\/\/www.hemesath.band\/index.php?rest_route=\/wp\/v2\/pages\/234\/revisions"}],"predecessor-version":[{"id":671,"href":"https:\/\/www.hemesath.band\/index.php?rest_route=\/wp\/v2\/pages\/234\/revisions\/671"}],"wp:attachment":[{"href":"https:\/\/www.hemesath.band\/index.php?rest_route=%2Fwp%2Fv2%2Fmedia&parent=234"}],"curies":[{"name":"wp","href":"https:\/\/api.w.org\/{rel}","templated":true}]}}